{"id":75717,"date":"2025-12-29T21:35:15","date_gmt":"2025-12-29T21:35:15","guid":{"rendered":"https:\/\/motorygroup.com\/tax-max\/"},"modified":"2026-01-06T15:06:33","modified_gmt":"2026-01-06T15:06:33","slug":"tax-max","status":"publish","type":"page","link":"https:\/\/v2.motorygroup.com\/es\/tax-max\/","title":{"rendered":"Tax Max"},"content":{"rendered":"<p>[et_pb_section fb_built=\u00bb1&#8243; _builder_version=\u00bb4.27.4&#8243; _module_preset=\u00bbdefault\u00bb global_colors_info=\u00bb{}\u00bb custom_padding=\u00bb31px|||||\u00bb][et_pb_row _builder_version=\u00bb4.27.4&#8243; _module_preset=\u00bbdefault\u00bb global_colors_info=\u00bb{}\u00bb][et_pb_column type=\u00bb4_4&#8243; _builder_version=\u00bb4.27.4&#8243; _module_preset=\u00bbdefault\u00bb pac_dcm_carousel_specific_module_num=\u00bb0&#8243; global_colors_info=\u00bb{}\u00bb][et_pb_text _builder_version=\u00bb4.27.4&#8243; _module_preset=\u00bbdefault\u00bb header_font=\u00bbFigtree|700|||||||\u00bb header_text_align=\u00bbcenter\u00bb header_text_color=\u00bbgcid-secondary-color\u00bb header_font_size=\u00bb57px\u00bb header_letter_spacing=\u00bb-1px\u00bb header_line_height=\u00bb1.05em\u00bb module_alignment=\u00bbcenter\u00bb custom_margin=\u00bb0px||20px||false|false\u00bb custom_margin_tablet=\u00bb0px||20px||false|false\u00bb custom_margin_phone=\u00bb0px||10px||false|false\u00bb custom_margin_last_edited=\u00bbon|phone\u00bb custom_padding=\u00bb0px||0px||false|false\u00bb header_font_size_tablet=\u00bb72px\u00bb header_font_size_phone=\u00bb44px\u00bb header_font_size_last_edited=\u00bbon|phone\u00bb locked=\u00bboff\u00bb global_colors_info=\u00bb{%22gcid-secondary-color%22:%91%22header_text_color%22%93}\u00bb]<\/p>\n<h1>Evento de ventas File &amp; Drive<\/h1>\n<p>[\/et_pb_text][et_pb_image src=\u00bbhttps:\/\/v2.motorygroup.com\/wp-content\/uploads\/2026\/01\/Tax-Max-Hero-Banner-get-started.webp\u00bb title_text=\u00bbTax-Max-Hero-Banner-empezar\u00bb url=\u00bbhttps:\/\/v2.motorygroup.com\/es\/tax-max\/\u00bb _builder_version=\u00bb4.27.4&#8243; _module_preset=\u00bbdefault\u00bb locked=\u00bboff\u00bb global_colors_info=\u00bb{}\u00bb][\/et_pb_image][et_pb_text _builder_version=\u00bb4.27.4&#8243; _module_preset=\u00bbdefault\u00bb header_text_color=\u00bbgcid-secondary-color\u00bb header_line_height=\u00bb1.1em\u00bb text_orientation=\u00bbcenter\u00bb max_width=\u00bb70%\u00bb max_width_tablet=\u00bb100%\u00bb max_width_phone=\u00bb100%\u00bb max_width_last_edited=\u00bbon|phone\u00bb module_alignment=\u00bbcenter\u00bb global_colors_info=\u00bb{%22gcid-secondary-color%22:%91%22header_text_color%22%93}\u00bb]<\/p>\n<h2><strong>\u00a1Convierte tu W-2 en una entrada esta temporada de impuestos!<\/strong><\/h2>\n<p>Durante nuestro evento de liquidaci\u00f3n de archivos y veh\u00edculos, puedes solicitar un anticipo del reembolso de impuestos en el mismo d\u00eda de hasta 7000 $*, que puedes usar como entrada para tu coche nuevo. \u00a1Empieza hoy mismo online! <\/p>\n<p>[\/et_pb_text][\/et_pb_column][\/et_pb_row][et_pb_row column_structure=\u00bb1_3,1_3,1_3&#8243; _builder_version=\u00bb4.27.4&#8243; _module_preset=\u00bbdefault\u00bb global_colors_info=\u00bb{}\u00bb][et_pb_column type=\u00bb1_3&#8243; _builder_version=\u00bb4.27.4&#8243; _module_preset=\u00bbdefault\u00bb custom_padding=\u00bb25px|25px|25px|25px|false|false\u00bb pac_dcm_carousel_specific_module_num=\u00bb0&#8243; border_radii=\u00bbon|32px|32px|32px|32px\u00bb border_width_all=\u00bb1px\u00bb border_color_all=\u00bb#a0a0a0&#8243; global_colors_info=\u00bb{}\u00bb][et_pb_text module_class=\u00bbtwo-col-mob two-col-tab\u00bb _builder_version=\u00bb4.27.4&#8243; _module_preset=\u00bbdefault\u00bb width=\u00bb90%\u00bb max_width_tablet=\u00bb\u00bb max_width_phone=\u00bb400px\u00bb max_width_last_edited=\u00bbon|phone\u00bb custom_margin=\u00bb0px|auto|18px|auto|false|false\u00bb custom_margin_tablet=\u00bb0px||18px||false|false\u00bb custom_margin_phone=\u00bb0px|auto|20px|auto|false|false\u00bb custom_margin_last_edited=\u00bbon|tablet\u00bb custom_padding=\u00bb0px||0px||false|false\u00bb global_colors_info=\u00bb{}\u00bb]<\/p>\n<h3 style=\"text-align: center;\"><strong>PASO 1 <\/strong><\/h3>\n<p style=\"text-align: center;\"><strong>Env\u00ede los documentos en l\u00ednea<\/strong><\/p>\n<p>[\/et_pb_text][et_pb_image src=\u00bbhttps:\/\/v2.motorygroup.com\/wp-content\/uploads\/2025\/12\/Tax-Max-File-Drive-Step-2.png\u00bb title_text=\u00bbTax Max File &amp; Drive Paso 2&#8243; _builder_version=\u00bb4.27.4&#8243; _module_preset=\u00bbdefault\u00bb global_colors_info=\u00bb{}\u00bb][\/et_pb_image][\/et_pb_column][et_pb_column type=\u00bb1_3&#8243; _builder_version=\u00bb4.27.4&#8243; _module_preset=\u00bbdefault\u00bb custom_padding=\u00bb25px|25px|25px|25px|false|false\u00bb pac_dcm_carousel_specific_module_num=\u00bb0&#8243; border_radii=\u00bbon|32px|32px|32px|32px\u00bb border_width_all=\u00bb1px\u00bb border_color_all=\u00bb#a0a0a0&#8243; global_colors_info=\u00bb{}\u00bb][et_pb_text _builder_version=\u00bb4.27.4&#8243; _module_preset=\u00bbdefault\u00bb global_colors_info=\u00bb{}\u00bb]<\/p>\n<h3 style=\"text-align: center;\"><strong>PASO 2<\/strong><\/h3>\n<p style=\"text-align: center;\"><strong>TAX Max prepara la declaraci\u00f3n<\/strong><\/p>\n<p>[\/et_pb_text][et_pb_image src=\u00bbhttps:\/\/v2.motorygroup.com\/wp-content\/uploads\/2025\/12\/Tax-Max-File-Drive-Step-1-2.png\u00bb title_text=\u00bbTax Max File &amp; Drive Paso 1&#8243; _builder_version=\u00bb4.27.4&#8243; _module_preset=\u00bbdefault\u00bb global_colors_info=\u00bb{}\u00bb][\/et_pb_image][\/et_pb_column][et_pb_column type=\u00bb1_3&#8243; _builder_version=\u00bb4.27.4&#8243; _module_preset=\u00bbdefault\u00bb custom_padding=\u00bb25px|25px|25px|25px|false|false\u00bb pac_dcm_carousel_specific_module_num=\u00bb0&#8243; border_radii=\u00bbon|32px|32px|32px|32px\u00bb border_width_all=\u00bb1px\u00bb border_color_all=\u00bb#a0a0a0&#8243; global_colors_info=\u00bb{}\u00bb][et_pb_text _builder_version=\u00bb4.27.4&#8243; _module_preset=\u00bbdefault\u00bb global_colors_info=\u00bb{}\u00bb]<\/p>\n<h3 style=\"text-align: center;\"><strong>PASO 3<\/strong><\/h3>\n<p style=\"text-align: center;\"><strong>\u00a1Ll\u00e9vate tu coche nuevo!<\/strong><\/p>\n<p>[\/et_pb_text][et_pb_image src=\u00bbhttps:\/\/v2.motorygroup.com\/wp-content\/uploads\/2025\/12\/Tax-Max-File-Drive-Step-3.png\u00bb title_text=\u00bbTax Max File &amp; Drive Paso 3&#8243; _builder_version=\u00bb4.27.4&#8243; _module_preset=\u00bbdefault\u00bb global_colors_info=\u00bb{}\u00bb][\/et_pb_image][\/et_pb_column][\/et_pb_row][et_pb_row _builder_version=\u00bb4.27.4&#8243; _module_preset=\u00bbdefault\u00bb global_colors_info=\u00bb{}\u00bb][et_pb_column type=\u00bb4_4&#8243; _builder_version=\u00bb4.27.4&#8243; _module_preset=\u00bbdefault\u00bb pac_dcm_carousel_specific_module_num=\u00bb0&#8243; global_colors_info=\u00bb{}\u00bb][et_pb_text _builder_version=\u00bb4.27.4&#8243; _module_preset=\u00bbdefault\u00bb global_colors_info=\u00bb{}\u00bb]<\/p>\n<h2 style=\"text-align: center;\"><strong>Elija su ubicaci\u00f3n para empezar<\/strong><\/h2>\n<p>[\/et_pb_text][\/et_pb_column][\/et_pb_row][et_pb_row column_structure=\u00bb1_5,1_5,1_5,1_5,1_5&#8243; _builder_version=\u00bb4.27.4&#8243; _module_preset=\u00bbdefault\u00bb custom_padding=\u00bb11px|||||\u00bb global_colors_info=\u00bb{}\u00bb][et_pb_column type=\u00bb1_5&#8243; _builder_version=\u00bb4.27.4&#8243; _module_preset=\u00bbdefault\u00bb pac_dcm_carousel_specific_module_num=\u00bb0&#8243; global_colors_info=\u00bb{}\u00bb][et_pb_button button_url=\u00bbhttps:\/\/www.taxmax.com\/b\/fl9046&#8243; button_text=\u00bbGainesville\u00bb button_alignment=\u00bbcenter\u00bb _builder_version=\u00bb4.27.4&#8243; _module_preset=\u00bbdefault\u00bb custom_button=\u00bbon\u00bb button_text_size=\u00bb20px\u00bb button_text_color=\u00bb#FFFFFF\u00bb button_bg_color=\u00bbgcid-primary-color\u00bb button_border_radius=\u00bb50px\u00bb button_font=\u00bb|&#8211;et_global_heading_font_weight|||||||\u00bb global_colors_info=\u00bb{%22gcid-primary-color%22:%91%22button_bg_color%22%93,%22gcid-secondary-color%22:%91%22button_bg_color__hover%22%93}\u00bb button_bg_color__hover_enabled=\u00bbon|desktop\u00bb button_bg_color__hover=\u00bb#1b467d\u00bb button_bg_enable_color__hover=\u00bbon\u00bb][\/et_pb_button][\/et_pb_column][et_pb_column type=\u00bb1_5&#8243; _builder_version=\u00bb4.27.4&#8243; _module_preset=\u00bbdefault\u00bb pac_dcm_carousel_specific_module_num=\u00bb0&#8243; global_colors_info=\u00bb{}\u00bb][et_pb_button button_url=\u00bbhttps:\/\/www.taxmax.com\/b\/tx9048&#8243; button_text=\u00bbConroe\u00bb button_alignment=\u00bbcenter\u00bb _builder_version=\u00bb4.27.4&#8243; _module_preset=\u00bbdefault\u00bb custom_button=\u00bbon\u00bb button_text_size=\u00bb20px\u00bb button_text_color=\u00bb#FFFFFF\u00bb button_bg_color=\u00bbgcid-primary-color\u00bb button_border_radius=\u00bb50px\u00bb button_font=\u00bb|&#8211;et_global_heading_font_weight|||||||\u00bb global_colors_info=\u00bb{%22gcid-primary-color%22:%91%22button_bg_color%22%93,%22gcid-secondary-color%22:%91%22button_bg_color__hover%22%93}\u00bb button_bg_color__hover=\u00bb#1b467d\u00bb button_bg_color__hover_enabled=\u00bbon|desktop\u00bb][\/et_pb_button][\/et_pb_column][et_pb_column type=\u00bb1_5&#8243; _builder_version=\u00bb4.27.4&#8243; _module_preset=\u00bbdefault\u00bb pac_dcm_carousel_specific_module_num=\u00bb0&#8243; global_colors_info=\u00bb{}\u00bb][et_pb_button button_url=\u00bbhttps:\/\/www.taxmax.com\/b\/mo9047&#8243; button_text=\u00bbJoplin\u00bb button_alignment=\u00bbcenter\u00bb _builder_version=\u00bb4.27.4&#8243; _module_preset=\u00bbdefault\u00bb custom_button=\u00bbon\u00bb button_text_size=\u00bb20px\u00bb button_text_color=\u00bb#FFFFFF\u00bb button_bg_color=\u00bbgcid-primary-color\u00bb button_border_radius=\u00bb50px\u00bb button_font=\u00bb|&#8211;et_global_heading_font_weight|||||||\u00bb global_colors_info=\u00bb{%22gcid-primary-color%22:%91%22button_bg_color%22%93,%22gcid-secondary-color%22:%91%22button_bg_color__hover%22%93}\u00bb button_bg_color__hover=\u00bb#1b467d\u00bb button_bg_color__hover_enabled=\u00bbon|desktop\u00bb][\/et_pb_button][\/et_pb_column][et_pb_column type=\u00bb1_5&#8243; _builder_version=\u00bb4.27.4&#8243; _module_preset=\u00bbdefault\u00bb pac_dcm_carousel_specific_module_num=\u00bb0&#8243; global_colors_info=\u00bb{}\u00bb][et_pb_button button_url=\u00bbhttps:\/\/www.taxmax.com\/b\/ar9049&#8243; button_text=\u00bbRogers\u00bb button_alignment=\u00bbcenter\u00bb _builder_version=\u00bb4.27.4&#8243; _module_preset=\u00bbdefault\u00bb custom_button=\u00bbon\u00bb button_text_size=\u00bb20px\u00bb button_text_color=\u00bb#FFFFFF\u00bb button_bg_color=\u00bbgcid-primary-color\u00bb button_border_radius=\u00bb50px\u00bb button_font=\u00bb|&#8211;et_global_heading_font_weight|||||||\u00bb global_colors_info=\u00bb{%22gcid-primary-color%22:%91%22button_bg_color%22%93,%22gcid-secondary-color%22:%91%22button_bg_color__hover%22%93}\u00bb button_bg_color__hover=\u00bb#1b467d\u00bb button_bg_color__hover_enabled=\u00bbon|desktop\u00bb][\/et_pb_button][\/et_pb_column][et_pb_column type=\u00bb1_5&#8243; _builder_version=\u00bb4.27.4&#8243; _module_preset=\u00bbdefault\u00bb pac_dcm_carousel_specific_module_num=\u00bb0&#8243; global_colors_info=\u00bb{}\u00bb][et_pb_button button_text=\u00bbFlorence\u00bb button_alignment=\u00bbcenter\u00bb _builder_version=\u00bb4.27.4&#8243; _module_preset=\u00bbdefault\u00bb custom_button=\u00bbon\u00bb button_text_size=\u00bb20px\u00bb button_text_color=\u00bb#FFFFFF\u00bb button_bg_color=\u00bbgcid-primary-color\u00bb button_border_radius=\u00bb50px\u00bb button_font=\u00bb|&#8211;et_global_heading_font_weight|||||||\u00bb global_colors_info=\u00bb{%22gcid-primary-color%22:%91%22button_bg_color%22%93,%22gcid-secondary-color%22:%91%22button_bg_color__hover%22%93}\u00bb button_bg_color__hover=\u00bb#1b467d\u00bb button_bg_color__hover_enabled=\u00bbon|desktop\u00bb][\/et_pb_button][\/et_pb_column][\/et_pb_row][et_pb_row _builder_version=\u00bb4.27.4&#8243; _module_preset=\u00bbdefault\u00bb global_colors_info=\u00bb{}\u00bb][et_pb_column type=\u00bb4_4&#8243; _builder_version=\u00bb4.27.4&#8243; _module_preset=\u00bbdefault\u00bb pac_dcm_carousel_specific_module_num=\u00bb0&#8243; global_colors_info=\u00bb{}\u00bb][et_pb_text _builder_version=\u00bb4.27.4&#8243; _module_preset=\u00bbdefault\u00bb global_colors_info=\u00bb{}\u00bb]<\/p>\n<p style=\"text-align: center;\">Toda la preparaci\u00f3n y presentaci\u00f3n de la declaraci\u00f3n de impuestos ser\u00e1 gestionada exclusivamente por Tax Refund Services, Inc., DBA Tax Max, que no est\u00e1 afiliada al concesionario de autom\u00f3viles. El desembolso del reembolso de impuestos se env\u00eda al concesionario para que el cliente lo recoja o lo utilice para el pago inicial. *Los anticipos de reembolso se basan en la aprobaci\u00f3n bancaria de EPS Financial.  <\/p>\n<p>[\/et_pb_text][\/et_pb_column][\/et_pb_row][\/et_pb_section]<\/p>\n","protected":false},"excerpt":{"rendered":"<p>Evento de ventas File &amp; Drive\u00a1Convierte tu W-2 en una entrada esta temporada de impuestos! Durante nuestro evento de liquidaci\u00f3n de archivos y veh\u00edculos, puedes solicitar un anticipo del reembolso de impuestos en el mismo d\u00eda de hasta 7000 $*, que puedes usar como entrada para tu coche nuevo. \u00a1Empieza hoy mismo online! PASO 1 [&hellip;]<\/p>\n","protected":false},"author":5,"featured_media":0,"parent":0,"menu_order":0,"comment_status":"closed","ping_status":"closed","template":"","meta":{"_et_pb_use_builder":"on","_et_pb_old_content":"","_et_gb_content_width":"","_analytify_skip_tracking":false,"footnotes":""},"class_list":["post-75717","page","type-page","status-publish","hentry"],"_links":{"self":[{"href":"https:\/\/v2.motorygroup.com\/es\/wp-json\/wp\/v2\/pages\/75717","targetHints":{"allow":["GET"]}}],"collection":[{"href":"https:\/\/v2.motorygroup.com\/es\/wp-json\/wp\/v2\/pages"}],"about":[{"href":"https:\/\/v2.motorygroup.com\/es\/wp-json\/wp\/v2\/types\/page"}],"author":[{"embeddable":true,"href":"https:\/\/v2.motorygroup.com\/es\/wp-json\/wp\/v2\/users\/5"}],"replies":[{"embeddable":true,"href":"https:\/\/v2.motorygroup.com\/es\/wp-json\/wp\/v2\/comments?post=75717"}],"version-history":[{"count":18,"href":"https:\/\/v2.motorygroup.com\/es\/wp-json\/wp\/v2\/pages\/75717\/revisions"}],"predecessor-version":[{"id":76273,"href":"https:\/\/v2.motorygroup.com\/es\/wp-json\/wp\/v2\/pages\/75717\/revisions\/76273"}],"wp:attachment":[{"href":"https:\/\/v2.motorygroup.com\/es\/wp-json\/wp\/v2\/media?parent=75717"}],"curies":[{"name":"wp","href":"https:\/\/api.w.org\/{rel}","templated":true}]}}